{"id":1811,"date":"2024-10-16T08:23:21","date_gmt":"2024-10-16T08:23:21","guid":{"rendered":"https:\/\/www.weinhandel24.ch\/infowelt\/?page_id=1811"},"modified":"2025-07-23T17:55:20","modified_gmt":"2025-07-23T17:55:20","slug":"magazine","status":"publish","type":"page","link":"https:\/\/www.weinhandel24.ch\/infowelt\/","title":{"rendered":"Magazine"},"content":{"rendered":"\t\t<div data-elementor-type=\"wp-page\" data-elementor-id=\"1811\" class=\"elementor elementor-1811\">\n\t\t\t\t<div class=\"elementor-element elementor-element-32cda85 e-flex e-con-boxed e-con e-parent\" data-id=\"32cda85\" data-element_type=\"container\">\n\t\t\t\t\t<div class=\"e-con-inner\">\n\t\t\t\t<div class=\"elementor-element elementor-element-f2b4698 elementor-grid-3 elementor-grid-tablet-2 elementor-grid-mobile-1 elementor-posts--thumbnail-top elementor-card-shadow-yes elementor-posts__hover-gradient elementor-widget elementor-widget-posts\" data-id=\"f2b4698\" data-element_type=\"widget\" data-settings=\"{&quot;pagination_type&quot;:&quot;numbers_and_prev_next&quot;,&quot;cards_row_gap&quot;:{&quot;unit&quot;:&quot;px&quot;,&quot;size&quot;:20,&quot;sizes&quot;:[]},&quot;cards_columns&quot;:&quot;3&quot;,&quot;cards_columns_tablet&quot;:&quot;2&quot;,&quot;cards_columns_mobile&quot;:&quot;1&quot;,&quot;cards_row_gap_tablet&quot;:{&quot;unit&quot;:&quot;px&quot;,&quot;size&quot;:&quot;&quot;,&quot;sizes&quot;:[]},&quot;cards_row_gap_mobile&quot;:{&quot;unit&quot;:&quot;px&quot;,&quot;size&quot;:&quot;&quot;,&quot;sizes&quot;:[]}}\" data-widget_type=\"posts.cards\">\n\t\t\t\t<div class=\"elementor-widget-container\">\n\t\t\t\t\t\t\t<div class=\"elementor-posts-container elementor-posts elementor-posts--skin-cards elementor-grid\">\n\t\t\t\t<article class=\"elementor-post elementor-grid-item post-4532 post type-post status-publish format-standard has-post-thumbnail hentry category-franzosische-weine\">\n\t\t\t<div class=\"elementor-post__card\">\n\t\t\t\t<a class=\"elementor-post__thumbnail__link\" href=\"https:\/\/www.weinhandel24.ch\/infowelt\/champagne-preisklassen\/\"><div class=\"elementor-post__thumbnail\"><img fetchpriority=\"high\" decoding=\"async\" width=\"768\" height=\"768\" src=\"https:\/\/www.weinhandel24.ch\/infowelt\/wp-content\/uploads\/2025\/07\/champagne-preisklassen-768x768.jpeg\" class=\"attachment-medium_large size-medium_large wp-image-4533\" alt=\"\" srcset=\"https:\/\/www.weinhandel24.ch\/infowelt\/wp-content\/uploads\/2025\/07\/champagne-preisklassen-768x768.jpeg 768w, https:\/\/www.weinhandel24.ch\/infowelt\/wp-content\/uploads\/2025\/07\/champagne-preisklassen-300x300.jpeg 300w, https:\/\/www.weinhandel24.ch\/infowelt\/wp-content\/uploads\/2025\/07\/champagne-preisklassen-150x150.jpeg 150w, https:\/\/www.weinhandel24.ch\/infowelt\/wp-content\/uploads\/2025\/07\/champagne-preisklassen.jpeg 1024w\" sizes=\"(max-width: 768px) 100vw, 768px\" \/><\/div><\/a>\n\t\t\t\t<div class=\"elementor-post__text\">\n\t\t\t\t<h3 class=\"elementor-post__title\">\n\t\t\t<a href=\"https:\/\/www.weinhandel24.ch\/infowelt\/champagne-preisklassen\/\">\n\t\t\t\tChampagne Preisklassen\t\t\t<\/a>\n\t\t<\/h3>\n\t\t\t\t<div class=\"elementor-post__excerpt\">\n\t\t\t<p>Champagne Preisklassen Von Einsteiger bis Luxus &#8211; Was Sie in jeder Preisklasse erwarten k\u00f6nnen Champagne-Preise verstehen leicht gemacht: Warum kostet ein Champagne 35 CHF und ein anderer 350 CHF?<\/p>\n\t\t<\/div>\n\t\t\t\t\t<div class=\"elementor-post__read-more-wrapper\">\n\t\t\n\t\t<a class=\"elementor-post__read-more\" href=\"https:\/\/www.weinhandel24.ch\/infowelt\/champagne-preisklassen\/\" aria-label=\"Read more about Champagne Preisklassen\">\n\t\t\tZum Beitrag\t\t<\/a>\n\n\t\t\t\t\t<\/div>\n\t\t\t\t<\/div>\n\t\t\t\t\t<\/div>\n\t\t<\/article>\n\t\t\t\t<article class=\"elementor-post elementor-grid-item post-4520 post type-post status-publish format-standard has-post-thumbnail hentry category-franzosische-weine\">\n\t\t\t<div class=\"elementor-post__card\">\n\t\t\t\t<a class=\"elementor-post__thumbnail__link\" href=\"https:\/\/www.weinhandel24.ch\/infowelt\/elementor-4520\/\"><div class=\"elementor-post__thumbnail\"><img decoding=\"async\" width=\"768\" height=\"768\" src=\"https:\/\/www.weinhandel24.ch\/infowelt\/wp-content\/uploads\/2025\/07\/champage-beratung-768x768.jpeg\" class=\"attachment-medium_large size-medium_large wp-image-4525\" alt=\"\" srcset=\"https:\/\/www.weinhandel24.ch\/infowelt\/wp-content\/uploads\/2025\/07\/champage-beratung-768x768.jpeg 768w, https:\/\/www.weinhandel24.ch\/infowelt\/wp-content\/uploads\/2025\/07\/champage-beratung-300x300.jpeg 300w, https:\/\/www.weinhandel24.ch\/infowelt\/wp-content\/uploads\/2025\/07\/champage-beratung-150x150.jpeg 150w, https:\/\/www.weinhandel24.ch\/infowelt\/wp-content\/uploads\/2025\/07\/champage-beratung.jpeg 1024w\" sizes=\"(max-width: 768px) 100vw, 768px\" \/><\/div><\/a>\n\t\t\t\t<div class=\"elementor-post__text\">\n\t\t\t\t<h3 class=\"elementor-post__title\">\n\t\t\t<a href=\"https:\/\/www.weinhandel24.ch\/infowelt\/elementor-4520\/\">\n\t\t\t\tChampagner f\u00fcr Anf\u00e4nger\t\t\t<\/a>\n\t\t<\/h3>\n\t\t\t\t<div class=\"elementor-post__excerpt\">\n\t\t\t<p>\u00a0 Champagne f\u00fcr Anf\u00e4nger Ihr einfacher Einstieg in die faszinierende Welt des Champagnes Home &gt;Blog &gt;Champagne Kaufberatung &gt;Champagne f\u00fcr Anf\u00e4nger \u00a0 Champagne muss nicht einsch\u00fcchternd sein! Viele Menschen denken,<\/p>\n\t\t<\/div>\n\t\t\t\t\t<div class=\"elementor-post__read-more-wrapper\">\n\t\t\n\t\t<a class=\"elementor-post__read-more\" href=\"https:\/\/www.weinhandel24.ch\/infowelt\/elementor-4520\/\" aria-label=\"Read more about Champagner f\u00fcr Anf\u00e4nger\">\n\t\t\tZum Beitrag\t\t<\/a>\n\n\t\t\t\t\t<\/div>\n\t\t\t\t<\/div>\n\t\t\t\t\t<\/div>\n\t\t<\/article>\n\t\t\t\t<article class=\"elementor-post elementor-grid-item post-4492 post type-post status-publish format-standard has-post-thumbnail hentry category-franzosische-weine\">\n\t\t\t<div class=\"elementor-post__card\">\n\t\t\t\t<a class=\"elementor-post__thumbnail__link\" href=\"https:\/\/www.weinhandel24.ch\/infowelt\/champagne-geschenkideen\/\"><div class=\"elementor-post__thumbnail\"><img decoding=\"async\" width=\"600\" height=\"600\" src=\"https:\/\/www.weinhandel24.ch\/infowelt\/wp-content\/uploads\/2025\/03\/champagne-taittinger-brut-rose-mit-2-glaesern_1920x1920.webp\" class=\"attachment-medium_large size-medium_large wp-image-2627\" alt=\"\" srcset=\"https:\/\/www.weinhandel24.ch\/infowelt\/wp-content\/uploads\/2025\/03\/champagne-taittinger-brut-rose-mit-2-glaesern_1920x1920.webp 600w, https:\/\/www.weinhandel24.ch\/infowelt\/wp-content\/uploads\/2025\/03\/champagne-taittinger-brut-rose-mit-2-glaesern_1920x1920-300x300.webp 300w, https:\/\/www.weinhandel24.ch\/infowelt\/wp-content\/uploads\/2025\/03\/champagne-taittinger-brut-rose-mit-2-glaesern_1920x1920-150x150.webp 150w\" sizes=\"(max-width: 600px) 100vw, 600px\" \/><\/div><\/a>\n\t\t\t\t<div class=\"elementor-post__text\">\n\t\t\t\t<h3 class=\"elementor-post__title\">\n\t\t\t<a href=\"https:\/\/www.weinhandel24.ch\/infowelt\/champagne-geschenkideen\/\">\n\t\t\t\tChampagne Geschenkideen\t\t\t<\/a>\n\t\t<\/h3>\n\t\t\t\t<div class=\"elementor-post__excerpt\">\n\t\t\t<p>Ob Hochzeit, Geburtstag, Gesch\u00e4ftserfolg oder Feiertage &#8211; Champagne vermittelt Wertsch\u00e4tzung, Eleganz und Freude wie kein anderes Geschenk.<\/p>\n\t\t<\/div>\n\t\t\t\t\t<div class=\"elementor-post__read-more-wrapper\">\n\t\t\n\t\t<a class=\"elementor-post__read-more\" href=\"https:\/\/www.weinhandel24.ch\/infowelt\/champagne-geschenkideen\/\" aria-label=\"Read more about Champagne Geschenkideen\">\n\t\t\tZum Beitrag\t\t<\/a>\n\n\t\t\t\t\t<\/div>\n\t\t\t\t<\/div>\n\t\t\t\t\t<\/div>\n\t\t<\/article>\n\t\t\t\t<article class=\"elementor-post elementor-grid-item post-4476 post type-post status-publish format-standard has-post-thumbnail hentry category-franzosische-weine\">\n\t\t\t<div class=\"elementor-post__card\">\n\t\t\t\t<a class=\"elementor-post__thumbnail__link\" href=\"https:\/\/www.weinhandel24.ch\/infowelt\/rothschild-champagner-ein-erlebnis-fur-kenner-und-genieser\/\"><div class=\"elementor-post__thumbnail\"><img loading=\"lazy\" decoding=\"async\" width=\"600\" height=\"600\" src=\"https:\/\/www.weinhandel24.ch\/infowelt\/wp-content\/uploads\/2024\/11\/barons-de-rothschild-champagne-baron-de-rothschild-champagne-brut-nature.webp\" class=\"attachment-medium_large size-medium_large wp-image-2152\" alt=\"\" srcset=\"https:\/\/www.weinhandel24.ch\/infowelt\/wp-content\/uploads\/2024\/11\/barons-de-rothschild-champagne-baron-de-rothschild-champagne-brut-nature.webp 600w, https:\/\/www.weinhandel24.ch\/infowelt\/wp-content\/uploads\/2024\/11\/barons-de-rothschild-champagne-baron-de-rothschild-champagne-brut-nature-300x300.webp 300w, https:\/\/www.weinhandel24.ch\/infowelt\/wp-content\/uploads\/2024\/11\/barons-de-rothschild-champagne-baron-de-rothschild-champagne-brut-nature-150x150.webp 150w\" sizes=\"(max-width: 600px) 100vw, 600px\" \/><\/div><\/a>\n\t\t\t\t<div class=\"elementor-post__text\">\n\t\t\t\t<h3 class=\"elementor-post__title\">\n\t\t\t<a href=\"https:\/\/www.weinhandel24.ch\/infowelt\/rothschild-champagner-ein-erlebnis-fur-kenner-und-genieser\/\">\n\t\t\t\tRothschild Champagner: Ein Erlebnis f\u00fcr Kenner und Genie\u00dfer\t\t\t<\/a>\n\t\t<\/h3>\n\t\t\t\t<div class=\"elementor-post__excerpt\">\n\t\t\t<p>Prestige, Exzellenz und weltweiten Einfluss \u2013 sei es in der Finanzwelt, der Kunst oder im Weinbau.<\/p>\n\t\t<\/div>\n\t\t\t\t\t<div class=\"elementor-post__read-more-wrapper\">\n\t\t\n\t\t<a class=\"elementor-post__read-more\" href=\"https:\/\/www.weinhandel24.ch\/infowelt\/rothschild-champagner-ein-erlebnis-fur-kenner-und-genieser\/\" aria-label=\"Read more about Rothschild Champagner: Ein Erlebnis f\u00fcr Kenner und Genie\u00dfer\">\n\t\t\tZum Beitrag\t\t<\/a>\n\n\t\t\t\t\t<\/div>\n\t\t\t\t<\/div>\n\t\t\t\t\t<\/div>\n\t\t<\/article>\n\t\t\t\t<article class=\"elementor-post elementor-grid-item post-4467 post type-post status-publish format-standard has-post-thumbnail hentry category-franzosische-weine\">\n\t\t\t<div class=\"elementor-post__card\">\n\t\t\t\t<a class=\"elementor-post__thumbnail__link\" href=\"https:\/\/www.weinhandel24.ch\/infowelt\/dieter-meier-weine\/\"><div class=\"elementor-post__thumbnail\"><img loading=\"lazy\" decoding=\"async\" width=\"600\" height=\"600\" src=\"https:\/\/www.weinhandel24.ch\/infowelt\/wp-content\/uploads\/2025\/06\/Puro-Corte-d-Oro.webp\" class=\"attachment-medium_large size-medium_large wp-image-4472\" alt=\"Dieter Meier Weine\" srcset=\"https:\/\/www.weinhandel24.ch\/infowelt\/wp-content\/uploads\/2025\/06\/Puro-Corte-d-Oro.webp 600w, https:\/\/www.weinhandel24.ch\/infowelt\/wp-content\/uploads\/2025\/06\/Puro-Corte-d-Oro-300x300.webp 300w, https:\/\/www.weinhandel24.ch\/infowelt\/wp-content\/uploads\/2025\/06\/Puro-Corte-d-Oro-150x150.webp 150w\" sizes=\"(max-width: 600px) 100vw, 600px\" \/><\/div><\/a>\n\t\t\t\t<div class=\"elementor-post__text\">\n\t\t\t\t<h3 class=\"elementor-post__title\">\n\t\t\t<a href=\"https:\/\/www.weinhandel24.ch\/infowelt\/dieter-meier-weine\/\">\n\t\t\t\tDieter Meier Weine\t\t\t<\/a>\n\t\t<\/h3>\n\t\t\t\t<div class=\"elementor-post__excerpt\">\n\t\t\t<p>\u00a0 Dieter Meier Weine \u2013 Bio, Charakterstark &amp; Argentinisch. Jetzt bei Weinhandel24.ch entdecken Authentisch. Nachhaltig. Unverwechselbar. Dieter Meier Weine \u2013 bekannt als K\u00fcnstler, Musiker (Yello) und Unternehmer \u2013 ist<\/p>\n\t\t<\/div>\n\t\t\t\t\t<div class=\"elementor-post__read-more-wrapper\">\n\t\t\n\t\t<a class=\"elementor-post__read-more\" href=\"https:\/\/www.weinhandel24.ch\/infowelt\/dieter-meier-weine\/\" aria-label=\"Read more about Dieter Meier Weine\">\n\t\t\tZum Beitrag\t\t<\/a>\n\n\t\t\t\t\t<\/div>\n\t\t\t\t<\/div>\n\t\t\t\t\t<\/div>\n\t\t<\/article>\n\t\t\t\t<article class=\"elementor-post elementor-grid-item post-4458 post type-post status-publish format-standard has-post-thumbnail hentry category-franzosische-weine\">\n\t\t\t<div class=\"elementor-post__card\">\n\t\t\t\t<a class=\"elementor-post__thumbnail__link\" href=\"https:\/\/www.weinhandel24.ch\/infowelt\/champagne-barons-de-rothschild-die-kronung-des-luxus-fur-kenner-und-genieser\/\"><div class=\"elementor-post__thumbnail\"><img loading=\"lazy\" decoding=\"async\" width=\"600\" height=\"600\" src=\"https:\/\/www.weinhandel24.ch\/infowelt\/wp-content\/uploads\/2024\/11\/barons-de-rothschild-champagne-baron-de-rothschild-champagne-brut-nature.webp\" class=\"attachment-medium_large size-medium_large wp-image-2152\" alt=\"\" srcset=\"https:\/\/www.weinhandel24.ch\/infowelt\/wp-content\/uploads\/2024\/11\/barons-de-rothschild-champagne-baron-de-rothschild-champagne-brut-nature.webp 600w, https:\/\/www.weinhandel24.ch\/infowelt\/wp-content\/uploads\/2024\/11\/barons-de-rothschild-champagne-baron-de-rothschild-champagne-brut-nature-300x300.webp 300w, https:\/\/www.weinhandel24.ch\/infowelt\/wp-content\/uploads\/2024\/11\/barons-de-rothschild-champagne-baron-de-rothschild-champagne-brut-nature-150x150.webp 150w\" sizes=\"(max-width: 600px) 100vw, 600px\" \/><\/div><\/a>\n\t\t\t\t<div class=\"elementor-post__text\">\n\t\t\t\t<h3 class=\"elementor-post__title\">\n\t\t\t<a href=\"https:\/\/www.weinhandel24.ch\/infowelt\/champagne-barons-de-rothschild-die-kronung-des-luxus-fur-kenner-und-genieser\/\">\n\t\t\t\tChampagne Barons de Rothschild: Die Kr\u00f6nung des Luxus f\u00fcr Kenner und Genie\u00dfer\t\t\t<\/a>\n\t\t<\/h3>\n\t\t\t\t<div class=\"elementor-post__excerpt\">\n\t\t\t<p>Wenn es um Champagner von h\u00f6chster Qualit\u00e4t und Prestige geht, f\u00fchrt kein Weg an der Marke Champagne Barons de Rothschild vorbei. Die Kombination aus aristokratischem Erbe, handwerklicher Perfektion und<\/p>\n\t\t<\/div>\n\t\t\t\t\t<div class=\"elementor-post__read-more-wrapper\">\n\t\t\n\t\t<a class=\"elementor-post__read-more\" href=\"https:\/\/www.weinhandel24.ch\/infowelt\/champagne-barons-de-rothschild-die-kronung-des-luxus-fur-kenner-und-genieser\/\" aria-label=\"Read more about Champagne Barons de Rothschild: Die Kr\u00f6nung des Luxus f\u00fcr Kenner und Genie\u00dfer\">\n\t\t\tZum Beitrag\t\t<\/a>\n\n\t\t\t\t\t<\/div>\n\t\t\t\t<\/div>\n\t\t\t\t\t<\/div>\n\t\t<\/article>\n\t\t\t\t<\/div>\n\t\t\n\t\t\t\t<div class=\"e-load-more-anchor\" data-page=\"1\" data-max-page=\"40\" data-next-page=\"https:\/\/www.weinhandel24.ch\/infowelt\/wp-json\/wp\/v2\/pages\/1811\/page\/2\/\"><\/div>\n\t\t\t\t<nav class=\"elementor-pagination\" aria-label=\"Pagination\">\n\t\t\t<span class=\"page-numbers prev\">&laquo; <\/span>\n<span aria-current=\"page\" class=\"page-numbers current\"><span class=\"elementor-screen-only\">Page<\/span>1<\/span>\n<a class=\"page-numbers\" href=\"https:\/\/www.weinhandel24.ch\/infowelt\/wp-json\/wp\/v2\/pages\/1811\/page\/2\/\"><span class=\"elementor-screen-only\">Page<\/span>2<\/a>\n<a class=\"page-numbers\" href=\"https:\/\/www.weinhandel24.ch\/infowelt\/wp-json\/wp\/v2\/pages\/1811\/page\/3\/\"><span class=\"elementor-screen-only\">Page<\/span>3<\/a>\n<a class=\"page-numbers\" href=\"https:\/\/www.weinhandel24.ch\/infowelt\/wp-json\/wp\/v2\/pages\/1811\/page\/4\/\"><span class=\"elementor-screen-only\">Page<\/span>4<\/a>\n<a class=\"page-numbers\" href=\"https:\/\/www.weinhandel24.ch\/infowelt\/wp-json\/wp\/v2\/pages\/1811\/page\/5\/\"><span class=\"elementor-screen-only\">Page<\/span>5<\/a>\n<a class=\"page-numbers\" href=\"https:\/\/www.weinhandel24.ch\/infowelt\/wp-json\/wp\/v2\/pages\/1811\/page\/6\/\"><span class=\"elementor-screen-only\">Page<\/span>6<\/a>\n<a class=\"page-numbers\" href=\"https:\/\/www.weinhandel24.ch\/infowelt\/wp-json\/wp\/v2\/pages\/1811\/page\/7\/\"><span class=\"elementor-screen-only\">Page<\/span>7<\/a>\n<a class=\"page-numbers\" href=\"https:\/\/www.weinhandel24.ch\/infowelt\/wp-json\/wp\/v2\/pages\/1811\/page\/8\/\"><span class=\"elementor-screen-only\">Page<\/span>8<\/a>\n<a class=\"page-numbers\" href=\"https:\/\/www.weinhandel24.ch\/infowelt\/wp-json\/wp\/v2\/pages\/1811\/page\/9\/\"><span class=\"elementor-screen-only\">Page<\/span>9<\/a>\n<a class=\"page-numbers\" href=\"https:\/\/www.weinhandel24.ch\/infowelt\/wp-json\/wp\/v2\/pages\/1811\/page\/10\/\"><span class=\"elementor-screen-only\">Page<\/span>10<\/a>\n<a class=\"page-numbers\" href=\"https:\/\/www.weinhandel24.ch\/infowelt\/wp-json\/wp\/v2\/pages\/1811\/page\/11\/\"><span class=\"elementor-screen-only\">Page<\/span>11<\/a>\n<a class=\"page-numbers\" href=\"https:\/\/www.weinhandel24.ch\/infowelt\/wp-json\/wp\/v2\/pages\/1811\/page\/12\/\"><span class=\"elementor-screen-only\">Page<\/span>12<\/a>\n<a class=\"page-numbers\" href=\"https:\/\/www.weinhandel24.ch\/infowelt\/wp-json\/wp\/v2\/pages\/1811\/page\/13\/\"><span class=\"elementor-screen-only\">Page<\/span>13<\/a>\n<a class=\"page-numbers\" href=\"https:\/\/www.weinhandel24.ch\/infowelt\/wp-json\/wp\/v2\/pages\/1811\/page\/14\/\"><span class=\"elementor-screen-only\">Page<\/span>14<\/a>\n<a class=\"page-numbers\" href=\"https:\/\/www.weinhandel24.ch\/infowelt\/wp-json\/wp\/v2\/pages\/1811\/page\/15\/\"><span class=\"elementor-screen-only\">Page<\/span>15<\/a>\n<a class=\"page-numbers\" href=\"https:\/\/www.weinhandel24.ch\/infowelt\/wp-json\/wp\/v2\/pages\/1811\/page\/16\/\"><span class=\"elementor-screen-only\">Page<\/span>16<\/a>\n<a class=\"page-numbers\" href=\"https:\/\/www.weinhandel24.ch\/infowelt\/wp-json\/wp\/v2\/pages\/1811\/page\/17\/\"><span class=\"elementor-screen-only\">Page<\/span>17<\/a>\n<a class=\"page-numbers\" href=\"https:\/\/www.weinhandel24.ch\/infowelt\/wp-json\/wp\/v2\/pages\/1811\/page\/18\/\"><span class=\"elementor-screen-only\">Page<\/span>18<\/a>\n<a class=\"page-numbers\" href=\"https:\/\/www.weinhandel24.ch\/infowelt\/wp-json\/wp\/v2\/pages\/1811\/page\/19\/\"><span class=\"elementor-screen-only\">Page<\/span>19<\/a>\n<a class=\"page-numbers\" href=\"https:\/\/www.weinhandel24.ch\/infowelt\/wp-json\/wp\/v2\/pages\/1811\/page\/20\/\"><span class=\"elementor-screen-only\">Page<\/span>20<\/a>\n<a class=\"page-numbers next\" href=\"https:\/\/www.weinhandel24.ch\/infowelt\/wp-json\/wp\/v2\/pages\/1811\/page\/2\/\">&raquo;<\/a>\t\t<\/nav>\n\t\t\t\t\t\t<\/div>\n\t\t\t\t<\/div>\n\t\t\t\t\t<\/div>\n\t\t\t\t<\/div>\n\t\t\t\t<\/div>\n\t\t","protected":false},"excerpt":{"rendered":"","protected":false},"author":1,"featured_media":4069,"parent":0,"menu_order":0,"comment_status":"closed","ping_status":"closed","template":"","meta":{"site-sidebar-layout":"no-sidebar","site-content-layout":"page-builder","ast-site-content-layout":"full-width-container","site-content-style":"default","site-sidebar-style":"default","ast-global-header-display":"","ast-banner-title-visibility":"","ast-main-header-display":"","ast-hfb-above-header-display":"","ast-hfb-below-header-display":"","ast-hfb-mobile-header-display":"","site-post-title":"disabled","ast-breadcrumbs-content":"","ast-featured-img":"disabled","footer-sml-layout":"","ast-disable-related-posts":"","theme-transparent-header-meta":"default","adv-header-id-meta":"","stick-header-meta":"","header-above-stick-meta":"","header-main-stick-meta":"","header-below-stick-meta":"","astra-migrate-meta-layouts":"set","ast-page-background-enabled":"default","ast-page-background-meta":{"desktop":{"background-color":"var(--ast-global-color-4)","background-image":"","background-repeat":"repeat","background-position":"center center","background-size":"auto","background-attachment":"scroll","background-type":"","background-media":"","overlay-type":"","overlay-color":"","overlay-opacity":"","overlay-gradient":""},"tablet":{"background-color":"","background-image":"","background-repeat":"repeat","background-position":"center center","background-size":"auto","background-attachment":"scroll","background-type":"","background-media":"","overlay-type":"","overlay-color":"","overlay-opacity":"","overlay-gradient":""},"mobile":{"background-color":"","background-image":"","background-repeat":"repeat","background-position":"center center","background-size":"auto","background-attachment":"scroll","background-type":"","background-media":"","overlay-type":"","overlay-color":"","overlay-opacity":"","overlay-gradient":""}},"ast-content-background-meta":{"desktop":{"background-color":"var(--ast-global-color-5)","background-image":"","background-repeat":"repeat","background-position":"center center","background-size":"auto","background-attachment":"scroll","background-type":"","background-media":"","overlay-type":"","overlay-color":"","overlay-opacity":"","overlay-gradient":""},"tablet":{"background-color":"var(--ast-global-color-5)","background-image":"","background-repeat":"repeat","background-position":"center center","background-size":"auto","background-attachment":"scroll","background-type":"","background-media":"","overlay-type":"","overlay-color":"","overlay-opacity":"","overlay-gradient":""},"mobile":{"background-color":"var(--ast-global-color-5)","background-image":"","background-repeat":"repeat","background-position":"center center","background-size":"auto","background-attachment":"scroll","background-type":"","background-media":"","overlay-type":"","overlay-color":"","overlay-opacity":"","overlay-gradient":""}},"footnotes":""},"class_list":["post-1811","page","type-page","status-publish","has-post-thumbnail","hentry"],"_links":{"self":[{"href":"https:\/\/www.weinhandel24.ch\/infowelt\/wp-json\/wp\/v2\/pages\/1811","targetHints":{"allow":["GET"]}}],"collection":[{"href":"https:\/\/www.weinhandel24.ch\/infowelt\/wp-json\/wp\/v2\/pages"}],"about":[{"href":"https:\/\/www.weinhandel24.ch\/infowelt\/wp-json\/wp\/v2\/types\/page"}],"author":[{"embeddable":true,"href":"https:\/\/www.weinhandel24.ch\/infowelt\/wp-json\/wp\/v2\/users\/1"}],"replies":[{"embeddable":true,"href":"https:\/\/www.weinhandel24.ch\/infowelt\/wp-json\/wp\/v2\/comments?post=1811"}],"version-history":[{"count":67,"href":"https:\/\/www.weinhandel24.ch\/infowelt\/wp-json\/wp\/v2\/pages\/1811\/revisions"}],"predecessor-version":[{"id":3059,"href":"https:\/\/www.weinhandel24.ch\/infowelt\/wp-json\/wp\/v2\/pages\/1811\/revisions\/3059"}],"wp:featuredmedia":[{"embeddable":true,"href":"https:\/\/www.weinhandel24.ch\/infowelt\/wp-json\/wp\/v2\/media\/4069"}],"wp:attachment":[{"href":"https:\/\/www.weinhandel24.ch\/infowelt\/wp-json\/wp\/v2\/media?parent=1811"}],"curies":[{"name":"wp","href":"https:\/\/api.w.org\/{rel}","templated":true}]}}