{"id":4102,"date":"2025-04-17T04:12:44","date_gmt":"2025-04-17T04:12:44","guid":{"rendered":"https:\/\/www.weinhandel24.ch\/infowelt\/?page_id=4102"},"modified":"2025-06-26T06:57:40","modified_gmt":"2025-06-26T06:57:40","slug":"newsletter","status":"publish","type":"page","link":"https:\/\/www.weinhandel24.ch\/infowelt\/newsletter\/","title":{"rendered":"Newsletter"},"content":{"rendered":"\t\t<div data-elementor-type=\"wp-page\" data-elementor-id=\"4102\" class=\"elementor elementor-4102\">\n\t\t\t\t<div class=\"elementor-element elementor-element-e6d9d7f e-flex e-con-boxed e-con e-parent\" data-id=\"e6d9d7f\" data-element_type=\"container\" data-settings=\"{&quot;background_background&quot;:&quot;classic&quot;}\">\n\t\t\t\t\t<div class=\"e-con-inner\">\n\t\t<div class=\"elementor-element elementor-element-ae4dac9 e-con-full e-flex e-con e-child\" data-id=\"ae4dac9\" data-element_type=\"container\">\n\t\t\t\t<div class=\"elementor-element elementor-element-56998ab elementor-widget elementor-widget-heading\" data-id=\"56998ab\" data-element_type=\"widget\" data-widget_type=\"heading.default\">\n\t\t\t\t<div class=\"elementor-widget-container\">\n\t\t\t\t\t<h1 class=\"elementor-heading-title elementor-size-default\">Werden Sie Weinkenner: 10% Rabatt + Geheimtipps vom Sommelier\n<\/h1>\t\t\t\t<\/div>\n\t\t\t\t<\/div>\n\t\t\t\t<\/div>\n\t\t\t\t<div class=\"elementor-element elementor-element-22bd2ff elementor-widget elementor-widget-text-editor\" data-id=\"22bd2ff\" data-element_type=\"widget\" data-widget_type=\"text-editor.default\">\n\t\t\t\t<div class=\"elementor-widget-container\">\n\t\t\t\t\t\t\t\t\t<h3 style=\"text-align: center;\">Schlie\u00dfen Sie sich \u00fcber 5.000 Weinliebhabern<br> an und erhalten Sie exklusive Deals, die Sie nirgendwo anders finden.<\/h3>\t\t\t\t\t\t\t\t<\/div>\n\t\t\t\t<\/div>\n\t\t\t\t<div class=\"elementor-element elementor-element-2785142 elementor-widget elementor-widget-image\" data-id=\"2785142\" data-element_type=\"widget\" data-widget_type=\"image.default\">\n\t\t\t\t<div class=\"elementor-widget-container\">\n\t\t\t\t\t\t\t\t\t\t\t\t\t\t\t<img fetchpriority=\"high\" decoding=\"async\" width=\"1000\" height=\"561\" src=\"https:\/\/www.weinhandel24.ch\/infowelt\/wp-content\/uploads\/2025\/04\/homepage1_1920x1920.webp\" class=\"attachment-large size-large wp-image-4106\" alt=\"\" srcset=\"https:\/\/www.weinhandel24.ch\/infowelt\/wp-content\/uploads\/2025\/04\/homepage1_1920x1920.webp 1000w, https:\/\/www.weinhandel24.ch\/infowelt\/wp-content\/uploads\/2025\/04\/homepage1_1920x1920-300x168.webp 300w, https:\/\/www.weinhandel24.ch\/infowelt\/wp-content\/uploads\/2025\/04\/homepage1_1920x1920-768x431.webp 768w\" sizes=\"(max-width: 1000px) 100vw, 1000px\" \/>\t\t\t\t\t\t\t\t\t\t\t\t\t\t\t<\/div>\n\t\t\t\t<\/div>\n\t\t\t\t\t<\/div>\n\t\t\t\t<\/div>\n\t\t<div class=\"elementor-element elementor-element-66089bd e-flex e-con-boxed e-con e-parent\" data-id=\"66089bd\" data-element_type=\"container\">\n\t\t\t\t\t<div class=\"e-con-inner\">\n\t\t\t\t<div class=\"elementor-element elementor-element-e06832b elementor-widget elementor-widget-heading\" data-id=\"e06832b\" data-element_type=\"widget\" data-widget_type=\"heading.default\">\n\t\t\t\t<div class=\"elementor-widget-container\">\n\t\t\t\t\t<h3 class=\"elementor-heading-title elementor-size-default\">Entdecken Sie die Welt erlesener Weine mit unserem kostenlosen Newsletter von Weinhandel24.ch. \n<br>Als Dankesch\u00f6n f\u00fcr Ihr Vertrauen erhalten Sie sofort 10% Rabatt auf Ihre erste Bestellung und Zugang zu Angeboten, die nur unsere Mitglieder sehen.\n<\/h3>\t\t\t\t<\/div>\n\t\t\t\t<\/div>\n\t\t\t\t\t<\/div>\n\t\t\t\t<\/div>\n\t\t<div class=\"elementor-element elementor-element-72be9017 e-flex e-con-boxed e-con e-parent\" data-id=\"72be9017\" data-element_type=\"container\" data-settings=\"{&quot;background_background&quot;:&quot;classic&quot;}\">\n\t\t\t\t\t<div class=\"e-con-inner\">\n\t\t\t\t<div class=\"elementor-element elementor-element-44d3801 elementor-widget elementor-widget-text-editor\" data-id=\"44d3801\" data-element_type=\"widget\" data-widget_type=\"text-editor.default\">\n\t\t\t\t<div class=\"elementor-widget-container\">\n\t\t\t\t\t\t\t\t\t<h2>Ihre exklusiven Vorteile:<\/h2><p><b>\ud83c\udfaf Sofort 10% sparen<\/b> Erhalten Sie Ihren pers\u00f6nlichen Rabattcode direkt nach der Anmeldung &#8211; g\u00fcltig f\u00fcr alle Weine in unserem Sortiment!<\/p><p><b>\ud83d\udc8e Exklusive Mitglieder-Deals<\/b> Bis zu 40% Rabatt auf ausgew\u00e4hlte Weine &#8211; diese Angebote erhalten nur Newsletter-Abonnenten, bevor sie \u00f6ffentlich werden.<\/p><p><b>\ud83c\udf77 Profi-Weinwissen gratis<\/b> Monatliche Empfehlungen unseres Sommeliers, Foodpairing-Geheimnisse und Insider-Tipps f\u00fcr den perfekten Weingenuss.<\/p><p><b>\u26a1 Limitierte Angebote zuerst<\/b> Seien Sie 24 Stunden fr\u00fcher dran bei limitierten Editionen und seltenen Rarit\u00e4ten &#8211; oft sind diese bereits vergriffen, bevor andere davon erfahren.<\/p>\t\t\t\t\t\t\t\t<\/div>\n\t\t\t\t<\/div>\n\t\t\t\t<div class=\"elementor-element elementor-element-fe0bfd8 elementor-widget elementor-widget-text-editor\" data-id=\"fe0bfd8\" data-element_type=\"widget\" data-widget_type=\"text-editor.default\">\n\t\t\t\t<div class=\"elementor-widget-container\">\n\t\t\t\t\t\t\t\t\t<style data=\"cr\/theme\">.bgcolor-1{background-color:}.bgcolor-1-outlook{background-color:}.color-1{color:#000}.bgcolor-2{background-color:#F5EFE0}.bgcolor-2-outlook{background-color:#F5EFE0}.color-2{color:#000}.aux-color-1{color:#E50}.aux-bgcolor-1{background-color:#E50}.aux-color-2{color:#E50}.aux-bgcolor-2{background-color:#E50}body{background-color:}a{color:#E50}.cr-web-row{width:100%;max-width:882px}.cr-maxwidth{max-width:882px}<\/style>\n<style hash=\"cr-text-web\">.cr-text{font-family:Verdana,Geneva,sans-serif;font-size:14px}<\/style>\n<style hash=\"cr-web-css\">.cr-nope{display:none!important}.cr-web-row{box-sizing:border-box}@media only screen and (max-width:768px){.cr-web-row{width:75vw}}.cr-web-wrapper{display:flex;justify-content:center}.cr-web-row ul,.cr-web-row li{gap:4px;flex-direction:row}.cr-web-row ul{padding:0 8px;margin:0;list-style-type:none;flex-direction:column}.cr-web-row option{min-height:2em;white-space:normal}.cr-web-form{display:flex;flex-direction:column}.cr-web-form input,.cr-web-form select,.cr-web-form button{padding:8px 12px;border-radius:4px;border-style:solid;border-width:1px}.cr-web-form label,.cr-web-label{font-weight:500;padding:8px 0 8px 0;font-style:normal;line-height:normal}.cr-web-form button{font-size:1em;font-weight:700;color:#fff;font-style:normal;border-style:solid;border-color:#fff0;border-radius:4px;cursor:pointer}.cr-web-form label.required:after{content:' *';width:10px;height:100%;font-size:1.1em;line-height:inherit}.cr-web-form label.required .cred-html-wrapper,.cr-web-form label.required .cred-html{display:inline-block!important}<\/style>\n<style data-source=\"autogenerated google-fixes\">u+#body a{color:#E50}u+#body{background-color:}<\/style>\n<style hash=\"cr-web-cols\">.cr-web-stacks{display:flex}.cr-web-col-50{width:50%}.cr-web-col-33{width:33%}@media only screen and (max-width:768px){.cr-web-stacks{flex-direction:column}.cr-web-col-50,.cr-web-col-33{width:100%}}<\/style>\n  <form method=\"post\" action=\"https:\/\/flow.cleverreach.com\/fl\/2d0ceb10-2548-4632-bd91-18d535282866\/confirm\" class=\"\" target=\"_blank\">\n    <input type=\"text\" tabindex=\"-1\" autocomplete=\"false\" style=\"display:none !important;\" class=\"cr-nope\" name=\"email_confirm\">\n        <div class=\"cr-web-wrapper bgcolor-1\">\n            <div class=\"cr-web-row bgcolor-2\" style=\"padding:10px 20px;\">\n      <div class=\"cr-text color-2\" style=\"\">\n        <div class=\"cr-web-form\">\n          <label class=\"required\">Ihr Name<\/label>\n          <input type=\"text\" placeholder=\"Vorname\" name=\"global.firstname\" required=\"\">\n        <\/div>\n      <\/div>\n            <\/div>\n          <\/div>\n    <div class=\"cr-web-wrapper bgcolor-1\">\n      <div class=\"cr-web-row bgcolor-2\" style=\"padding:10px 20px;\">\n        <div class=\"cr-text color-2\" style=\"\">\n          <div class=\"cr-web-form\">\n            <label class=\"required\">Ihre E-Mail f&uuml;r exklusive Weindeals<\/label>\n            <input type=\"email\" placeholder=\"\" name=\"email\" required=\"\">\n          <\/div>\n        <\/div>\n      <\/div>\n    <\/div>\n    <div class=\"cr-web-wrapper bgcolor-1\">\n      <div class=\"cr-web-row bgcolor-2\" style=\"padding:10px 20px;\">\n        <div class=\"cr-web-form\">\n          <button type=\"submit\" class=\"aux-color-1 aux-bgcolor-1 cr-text\">Jetzt 10% sichern!<\/button>\n        <\/div>\n      <\/div>\n    <\/div>\n        <div class=\"cr-web-wrapper bgcolor-1\">\n            <div class=\"cr-web-row bgcolor-2\" style=\"padding:10px 20px;\">\n      <div class=\"cr-text color-2\" style=\"\">\n            <div style=\"text-align: center;\" align=\"left\"><span style=\"font-size: 18px; color: #000000;\"><sub>\u2713 Kostenlos \u2713 Jederzeit k&uuml;ndbar \u2713 Kein Spam \u2713 Datenschutz garantiert<\/sub><\/span><\/div>\n        <\/div>\n            <\/div>\n          <\/div>\n  <\/form>\n  \t\t\t\t\t\t\t\t<\/div>\n\t\t\t\t<\/div>\n\t\t\t\t\t<\/div>\n\t\t\t\t<\/div>\n\t\t\t\t<\/div>\n\t\t","protected":false},"excerpt":{"rendered":"<p>Werden Sie Weinkenner: 10% Rabatt + Geheimtipps vom Sommelier Schlie\u00dfen Sie sich \u00fcber 5.000 Weinliebhabern an und erhalten Sie exklusive [&hellip;]<\/p>\n","protected":false},"author":1,"featured_media":0,"parent":0,"menu_order":0,"comment_status":"closed","ping_status":"closed","template":"","meta":{"site-sidebar-layout":"default","site-content-layout":"","ast-site-content-layout":"default","site-content-style":"default","site-sidebar-style":"default","ast-global-header-display":"","ast-banner-title-visibility":"","ast-main-header-display":"","ast-hfb-above-header-display":"","ast-hfb-below-header-display":"","ast-hfb-mobile-header-display":"","site-post-title":"","ast-breadcrumbs-content":"","ast-featured-img":"","footer-sml-layout":"","ast-disable-related-posts":"","theme-transparent-header-meta":"default","adv-header-id-meta":"","stick-header-meta":"","header-above-stick-meta":"","header-main-stick-meta":"","header-below-stick-meta":"","astra-migrate-meta-layouts":"set","ast-page-background-enabled":"default","ast-page-background-meta":{"desktop":{"background-color":"var(--ast-global-color-4)","background-image":"","background-repeat":"repeat","background-position":"center center","background-size":"auto","background-attachment":"scroll","background-type":"","background-media":"","overlay-type":"","overlay-color":"","overlay-opacity":"","overlay-gradient":""},"tablet":{"background-color":"","background-image":"","background-repeat":"repeat","background-position":"center center","background-size":"auto","background-attachment":"scroll","background-type":"","background-media":"","overlay-type":"","overlay-color":"","overlay-opacity":"","overlay-gradient":""},"mobile":{"background-color":"","background-image":"","background-repeat":"repeat","background-position":"center center","background-size":"auto","background-attachment":"scroll","background-type":"","background-media":"","overlay-type":"","overlay-color":"","overlay-opacity":"","overlay-gradient":""}},"ast-content-background-meta":{"desktop":{"background-color":"var(--ast-global-color-5)","background-image":"","background-repeat":"repeat","background-position":"center center","background-size":"auto","background-attachment":"scroll","background-type":"","background-media":"","overlay-type":"","overlay-color":"","overlay-opacity":"","overlay-gradient":""},"tablet":{"background-color":"var(--ast-global-color-5)","background-image":"","background-repeat":"repeat","background-position":"center center","background-size":"auto","background-attachment":"scroll","background-type":"","background-media":"","overlay-type":"","overlay-color":"","overlay-opacity":"","overlay-gradient":""},"mobile":{"background-color":"var(--ast-global-color-5)","background-image":"","background-repeat":"repeat","background-position":"center center","background-size":"auto","background-attachment":"scroll","background-type":"","background-media":"","overlay-type":"","overlay-color":"","overlay-opacity":"","overlay-gradient":""}},"footnotes":""},"class_list":["post-4102","page","type-page","status-publish","hentry"],"_links":{"self":[{"href":"https:\/\/www.weinhandel24.ch\/infowelt\/wp-json\/wp\/v2\/pages\/4102","targetHints":{"allow":["GET"]}}],"collection":[{"href":"https:\/\/www.weinhandel24.ch\/infowelt\/wp-json\/wp\/v2\/pages"}],"about":[{"href":"https:\/\/www.weinhandel24.ch\/infowelt\/wp-json\/wp\/v2\/types\/page"}],"author":[{"embeddable":true,"href":"https:\/\/www.weinhandel24.ch\/infowelt\/wp-json\/wp\/v2\/users\/1"}],"replies":[{"embeddable":true,"href":"https:\/\/www.weinhandel24.ch\/infowelt\/wp-json\/wp\/v2\/comments?post=4102"}],"version-history":[{"count":11,"href":"https:\/\/www.weinhandel24.ch\/infowelt\/wp-json\/wp\/v2\/pages\/4102\/revisions"}],"predecessor-version":[{"id":4488,"href":"https:\/\/www.weinhandel24.ch\/infowelt\/wp-json\/wp\/v2\/pages\/4102\/revisions\/4488"}],"wp:attachment":[{"href":"https:\/\/www.weinhandel24.ch\/infowelt\/wp-json\/wp\/v2\/media?parent=4102"}],"curies":[{"name":"wp","href":"https:\/\/api.w.org\/{rel}","templated":true}]}}